{"id":61,"date":"2024-09-13T18:03:30","date_gmt":"2024-09-13T16:03:30","guid":{"rendered":"http:\/\/hqrexnl.cluster027.hosting.ovh.net\/?page_id=61"},"modified":"2024-12-06T08:54:01","modified_gmt":"2024-12-06T07:54:01","slug":"rachat-dor","status":"publish","type":"page","link":"https:\/\/mac-gregor09.fr\/index.php\/rachat-dor\/","title":{"rendered":"Rachat d&rsquo;or"},"content":{"rendered":"\n<p><\/p>\n\n\n\n<h2 class=\"wp-block-heading\">Un racheteur de confiance<\/h2>\n\n\n\n<p>Depuis plusieurs ann\u00e9es, MAC GREG&rsquo;OR est devenu l\u2019expert du rachat et du <a href=\"https:\/\/mac-gregor09.fr\/index.php\/negoce-de-metaux-precieux\/\" data-type=\"page\" data-id=\"65\">n\u00e9goce des m\u00e9taux pr\u00e9cieux<\/a> dans l&rsquo;Ari\u00e8ge. Tout au long de notre carri\u00e8re, nous nous sommes pr\u00e9occup\u00e9s de la satisfaction de notre client\u00e8le en lui proposant un service de haute qualit\u00e9, ce qui nous a permis de figurer parmi les professionnels les plus recommand\u00e9s de la r\u00e9gion. N\u2019h\u00e9sitez donc pas \u00e0 nous voir. Nous rachetons tout ce qui est en or, qu\u2019ils soient neufs ou cass\u00e9s (bagues, colliers, pendentifs, or dentaire, d\u00e9bris, etc.) au meilleur prix du march\u00e9.<\/p>\n\n\n\n<figure class=\"wp-block-image aligncenter size-large\"><img loading=\"lazy\" decoding=\"async\" width=\"1024\" height=\"683\" src=\"http:\/\/hqrexnl.cluster027.hosting.ovh.net\/wp-content\/uploads\/2024\/09\/pexels-pixabay-248077-1024x683.jpg\" alt=\"\" class=\"wp-image-151\" srcset=\"https:\/\/mac-gregor09.fr\/wp-content\/uploads\/2024\/09\/pexels-pixabay-248077-1024x683.jpg 1024w, https:\/\/mac-gregor09.fr\/wp-content\/uploads\/2024\/09\/pexels-pixabay-248077-300x200.jpg 300w, https:\/\/mac-gregor09.fr\/wp-content\/uploads\/2024\/09\/pexels-pixabay-248077-768x512.jpg 768w, https:\/\/mac-gregor09.fr\/wp-content\/uploads\/2024\/09\/pexels-pixabay-248077-1536x1024.jpg 1536w, https:\/\/mac-gregor09.fr\/wp-content\/uploads\/2024\/09\/pexels-pixabay-248077-2048x1365.jpg 2048w\" sizes=\"auto, (max-width: 1024px) 100vw, 1024px\" \/><\/figure>\n\n\n\n<p><\/p>\n\n\n\n<h2 class=\"wp-block-heading\">Tirez profit de vos bijoux<\/h2>\n\n\n\n<p>Si vous souhaitez vous d\u00e9barrasser de vos vieux bijoux en or, pourquoi ne pas les revendre chez MAC GREG&rsquo;OR ? Nous vous proposons une solution facile et rapide pour liquider vos biens pr\u00e9cieux et les transformer en argent. Nous r\u00e9alisons une estimation gratuite et fiable et les achetons ensuite \u00e0 tr\u00e8s bon prix. Avec nous, vous b\u00e9n\u00e9ficiez \u00e9galement d\u2019une grande \u00e9coute et des conseils de professionnels.<\/p>\n\n\n\n<p><\/p>\n","protected":false},"excerpt":{"rendered":"<p>Un racheteur de confiance Depuis plusieurs ann\u00e9es, MAC GREG&rsquo;OR est devenu l\u2019expert du rachat et du n\u00e9goce des m\u00e9taux pr\u00e9cieux [&hellip;]<\/p>\n","protected":false},"author":1,"featured_media":0,"parent":0,"menu_order":0,"comment_status":"closed","ping_status":"closed","template":"","meta":{"site-sidebar-layout":"default","site-content-layout":"","ast-site-content-layout":"","site-content-style":"default","site-sidebar-style":"default","ast-global-header-display":"","ast-banner-title-visibility":"","ast-main-header-display":"","ast-hfb-above-header-display":"","ast-hfb-below-header-display":"","ast-hfb-mobile-header-display":"","site-post-title":"disabled","ast-breadcrumbs-content":"","ast-featured-img":"","footer-sml-layout":"","theme-transparent-header-meta":"","adv-header-id-meta":"","stick-header-meta":"","header-above-stick-meta":"","header-main-stick-meta":"","header-below-stick-meta":"","astra-migrate-meta-layouts":"default","ast-page-background-enabled":"default","ast-page-background-meta":{"desktop":{"background-color":"var(--ast-global-color-4)","background-image":"","background-repeat":"repeat","background-position":"center center","background-size":"auto","background-attachment":"scroll","background-type":"","background-media":"","overlay-type":"","overlay-color":"","overlay-opacity":"","overlay-gradient":""},"tablet":{"background-color":"","background-image":"","background-repeat":"repeat","background-position":"center center","background-size":"auto","background-attachment":"scroll","background-type":"","background-media":"","overlay-type":"","overlay-color":"","overlay-opacity":"","overlay-gradient":""},"mobile":{"background-color":"","background-image":"","background-repeat":"repeat","background-position":"center center","background-size":"auto","background-attachment":"scroll","background-type":"","background-media":"","overlay-type":"","overlay-color":"","overlay-opacity":"","overlay-gradient":""}},"ast-content-background-meta":{"desktop":{"background-color":"var(--ast-global-color-5)","background-image":"","background-repeat":"repeat","background-position":"center center","background-size":"auto","background-attachment":"scroll","background-type":"","background-media":"","overlay-type":"","overlay-color":"","overlay-opacity":"","overlay-gradient":""},"tablet":{"background-color":"var(--ast-global-color-5)","background-image":"","background-repeat":"repeat","background-position":"center center","background-size":"auto","background-attachment":"scroll","background-type":"","background-media":"","overlay-type":"","overlay-color":"","overlay-opacity":"","overlay-gradient":""},"mobile":{"background-color":"var(--ast-global-color-5)","background-image":"","background-repeat":"repeat","background-position":"center center","background-size":"auto","background-attachment":"scroll","background-type":"","background-media":"","overlay-type":"","overlay-color":"","overlay-opacity":"","overlay-gradient":""}},"footnotes":""},"class_list":["post-61","page","type-page","status-publish","hentry"],"_links":{"self":[{"href":"https:\/\/mac-gregor09.fr\/index.php\/wp-json\/wp\/v2\/pages\/61","targetHints":{"allow":["GET"]}}],"collection":[{"href":"https:\/\/mac-gregor09.fr\/index.php\/wp-json\/wp\/v2\/pages"}],"about":[{"href":"https:\/\/mac-gregor09.fr\/index.php\/wp-json\/wp\/v2\/types\/page"}],"author":[{"embeddable":true,"href":"https:\/\/mac-gregor09.fr\/index.php\/wp-json\/wp\/v2\/users\/1"}],"replies":[{"embeddable":true,"href":"https:\/\/mac-gregor09.fr\/index.php\/wp-json\/wp\/v2\/comments?post=61"}],"version-history":[{"count":10,"href":"https:\/\/mac-gregor09.fr\/index.php\/wp-json\/wp\/v2\/pages\/61\/revisions"}],"predecessor-version":[{"id":446,"href":"https:\/\/mac-gregor09.fr\/index.php\/wp-json\/wp\/v2\/pages\/61\/revisions\/446"}],"wp:attachment":[{"href":"https:\/\/mac-gregor09.fr\/index.php\/wp-json\/wp\/v2\/media?parent=61"}],"curies":[{"name":"wp","href":"https:\/\/api.w.org\/{rel}","templated":true}]}}